{"id":379,"date":"2019-06-19T08:48:21","date_gmt":"2019-06-19T08:48:21","guid":{"rendered":"https:\/\/franklinrooms.com\/index.php\/two-bedroom-apartment-with-sea-view\/"},"modified":"2026-03-06T11:54:23","modified_gmt":"2026-03-06T11:54:23","slug":"two-bedroom-apartment-with-sea-view","status":"publish","type":"page","link":"https:\/\/franklinrooms.com\/index.php\/two-bedroom-apartment-with-sea-view\/?lang=sq","title":{"rendered":"Apartament 2+1 me Pamje nga Deti"},"content":{"rendered":"<div class=\"wpb-content-wrapper\"><p>[vc_row full_width=&#8221;stretch_row&#8221; bg_type=&#8221;image&#8221; bg_override=&#8221;ex-full&#8221;][vc_column][vc_row_inner css=&#8221;.vc_custom_1560870117464{margin-bottom: 20px !important;background-color: #ffffff !important;}&#8221;][vc_column_inner width=&#8221;1\/2&#8243;]<div id=\"ult-carousel-221751669169e3a46f96489\" class=\"ult-carousel-wrapper   ult_horizontal\" data-gutter=\"15\" data-rtl=\"false\" ><div class=\"ult-carousel-5501476369e3a46f96389 \" >[vc_single_image image=&#8221;616&#8243; img_size=&#8221;full&#8221; css=&#8221;.vc_custom_1560949578078{margin-top: 10px !important;margin-bottom: 10px !important;padding-bottom: 10px !important;}&#8221;][vc_single_image image=&#8221;617&#8243; img_size=&#8221;full&#8221; css=&#8221;.vc_custom_1560949587358{margin-top: 10px !important;margin-bottom: 10px !important;padding-bottom: 10px !important;}&#8221;][vc_single_image image=&#8221;618&#8243; img_size=&#8221;full&#8221; css=&#8221;.vc_custom_1560949597259{margin-top: 10px !important;margin-bottom: 10px !important;padding-bottom: 10px !important;}&#8221;][vc_single_image image=&#8221;607&#8243; img_size=&#8221;full&#8221; css=&#8221;.vc_custom_1560949608460{margin-top: 10px !important;margin-bottom: 10px !important;padding-bottom: 10px !important;}&#8221;][vc_single_image image=&#8221;602&#8243; img_size=&#8221;full&#8221; css=&#8221;.vc_custom_1560949626344{margin-top: 10px !important;margin-bottom: 10px !important;padding-bottom: 10px !important;}&#8221;][vc_single_image image=&#8221;601&#8243; img_size=&#8221;full&#8221; css=&#8221;.vc_custom_1560949641649{margin-top: 10px !important;margin-bottom: 10px !important;padding-bottom: 10px !important;}&#8221;][vc_single_image image=&#8221;615&#8243; img_size=&#8221;full&#8221; css=&#8221;.vc_custom_1560949653459{margin-top: 10px !important;margin-bottom: 10px !important;padding-bottom: 10px !important;}&#8221;][vc_single_image image=&#8221;614&#8243; img_size=&#8221;full&#8221; css=&#8221;.vc_custom_1560949664398{margin-top: 10px !important;margin-bottom: 10px !important;padding-bottom: 10px !important;}&#8221;][vc_single_image image=&#8221;613&#8243; img_size=&#8221;full&#8221; css=&#8221;.vc_custom_1560949673124{margin-top: 10px !important;margin-bottom: 10px !important;padding-bottom: 10px !important;}&#8221;][vc_single_image image=&#8221;608&#8243; img_size=&#8221;full&#8221; css=&#8221;.vc_custom_1560949684702{margin-top: 10px !important;margin-bottom: 10px !important;padding-bottom: 10px !important;}&#8221;][vc_single_image image=&#8221;606&#8243; img_size=&#8221;full&#8221; css=&#8221;.vc_custom_1560949694274{margin-top: 10px !important;margin-bottom: 10px !important;padding-bottom: 10px !important;}&#8221;][vc_single_image image=&#8221;605&#8243; img_size=&#8221;full&#8221; css=&#8221;.vc_custom_1560949704108{margin-top: 10px !important;margin-bottom: 10px !important;padding-bottom: 10px !important;}&#8221;][vc_single_image image=&#8221;603&#8243; img_size=&#8221;full&#8221; css=&#8221;.vc_custom_1560949718654{margin-top: 10px !important;margin-bottom: 10px !important;padding-bottom: 10px !important;}&#8221;][vc_single_image image=&#8221;604&#8243; img_size=&#8221;full&#8221; css=&#8221;.vc_custom_1560949734138{margin-top: 10px !important;margin-bottom: 10px !important;padding-bottom: 10px !important;}&#8221;][vc_single_image image=&#8221;610&#8243; img_size=&#8221;full&#8221; css=&#8221;.vc_custom_1560949754157{margin-top: 10px !important;margin-bottom: 10px !important;padding-bottom: 10px !important;}&#8221;][vc_single_image image=&#8221;611&#8243; img_size=&#8221;full&#8221; css=&#8221;.vc_custom_1560949767930{margin-top: 10px !important;margin-bottom: 10px !important;padding-bottom: 10px !important;}&#8221;][vc_single_image image=&#8221;520&#8243; img_size=&#8221;full&#8221; css=&#8221;.vc_custom_1560946279103{margin-top: 10px !important;margin-bottom: 10px !important;padding-bottom: 10px !important;}&#8221;][vc_single_image image=&#8221;517&#8243; img_size=&#8221;full&#8221; css=&#8221;.vc_custom_1560946294141{margin-top: 10px !important;margin-bottom: 10px !important;padding-bottom: 10px !important;}&#8221;]<\/div><\/div>\t\t\t<script type=\"text\/javascript\">\n\t\t\t\tjQuery(document).ready(function ($) {\n\t\t\t\t\tif( typeof jQuery('.ult-carousel-5501476369e3a46f96389').slick == \"function\"){\n\t\t\t\t\t\t$('.ult-carousel-5501476369e3a46f96389').slick({dots: false,autoplay: true,autoplaySpeed: \"5000\",speed: \"2000\",infinite: true,arrows: true,nextArrow: '<button type=\"button\" role=\"button\" aria-label=\"Next\" style=\"color:#333333; font-size:20px;\" class=\"slick-next default\"><i class=\"ultsl-arrow-right4\"><\/i><\/button>',prevArrow: '<button type=\"button\" role=\"button\" aria-label=\"Previous\" style=\"color:#333333; font-size:20px;\" class=\"slick-prev default\"><i class=\"ultsl-arrow-left4\"><\/i><\/button>',slidesToScroll:1,slidesToShow:1,swipe: true,draggable: true,touchMove: true,pauseOnHover: true,pauseOnFocus: false,responsive: [\n\t\t\t\t\t\t\t{\n\t\t\t\t\t\t\t  breakpoint: 1026,\n\t\t\t\t\t\t\t  settings: {\n\t\t\t\t\t\t\t\tslidesToShow: 1,\n\t\t\t\t\t\t\t\tslidesToScroll: 1,  \n\t\t\t\t\t\t\t  }\n\t\t\t\t\t\t\t},\n\t\t\t\t\t\t\t{\n\t\t\t\t\t\t\t  breakpoint: 1025,\n\t\t\t\t\t\t\t  settings: {\n\t\t\t\t\t\t\t\tslidesToShow: 1,\n\t\t\t\t\t\t\t\tslidesToScroll: 1\n\t\t\t\t\t\t\t  }\n\t\t\t\t\t\t\t},\n\t\t\t\t\t\t\t{\n\t\t\t\t\t\t\t  breakpoint: 760,\n\t\t\t\t\t\t\t  settings: {\n\t\t\t\t\t\t\t\tslidesToShow: 1,\n\t\t\t\t\t\t\t\tslidesToScroll: 1\n\t\t\t\t\t\t\t  }\n\t\t\t\t\t\t\t}\n\t\t\t\t\t\t],pauseOnDotsHover: true,customPaging: function(slider, i) {\n                   return '<i type=\"button\" style= \"color:#333333;\" class=\"ultsl-record\" data-role=\"none\"><\/i>';\n                },});\n\t\t\t\t\t}\n\t\t\t\t});\n\t\t\t<\/script>\n\t\t\t[\/vc_column_inner][vc_column_inner width=&#8221;1\/2&#8243; offset=&#8221;vc_hidden-sm vc_hidden-xs&#8221;][vc_empty_space][vc_custom_heading text=&#8221;Apartament 2+1&#8243; font_container=&#8221;tag:h2|font_size:30|text_align:left|color:%23768858&#8243; google_fonts=&#8221;font_family:Oswald%3A300%2Cregular%2C700|font_style:400%20regular%3A400%3Anormal&#8221;][vc_custom_heading text=&#8221;me pamje nga deti&#8221; font_container=&#8221;tag:h2|font_size:20|text_align:left|color:%23333333&#8243; google_fonts=&#8221;font_family:Oswald%3A300%2Cregular%2C700|font_style:400%20regular%3A400%3Anormal&#8221;][vc_column_text]<\/p>\n<p style=\"text-align: justify;\"><span style=\"color: #333333;\">Ky apartament ka nj\u00eb shtrat t\u00eb madh dopjo, nj\u00eb divan-shtrat, aj\u00ebr t\u00eb kondicionuar, hap\u00ebsir\u00eb gatimi, zon\u00eb ndenjje dhe ngr\u00ebnieje, dush, lavatri\u00e7e, ballkon dhe mjaft leht\u00ebsira t\u00eb tjera.<\/span><\/p>\n<p>[\/vc_column_text][vc_empty_space]<div class=\" ubtn-ctn-left \"><a class=\"ubtn-link ult-adjust-bottom-margin ubtn-left ubtn-normal \" href=\"https:\/\/franklin.reservation.expert\/\" ><button type=\"button\" id=\"ubtn-6834\"  class=\"ubtn ult-adjust-bottom-margin ult-responsive ubtn-normal ubtn-no-hover-bg  none  ubtn-left   tooltip-69e3a46f96542\"  data-hover=\"#ffffff\" data-border-color=\"\" data-bg=\"#768858\" data-hover-bg=\"#333333\" data-border-hover=\"\" data-shadow-hover=\"\" data-shadow-click=\"none\" data-shadow=\"\" data-shd-shadow=\"\"  data-ultimate-target='#ubtn-6834'  data-responsive-json-new='{\"font-size\":\"\",\"line-height\":\"\"}'  style=\"font-weight:normal;border:none;background: #768858;color: #ffffff;\"><span class=\"ubtn-hover\" style=\"background-color:#333333\"><\/span><span class=\"ubtn-data ubtn-text \" >Rezervo Tani<\/span><\/button><\/a><\/div>[\/vc_column_inner][vc_column_inner offset=&#8221;vc_hidden-lg vc_hidden-md&#8221;][vc_custom_heading text=&#8221;Apartament 2+1&#8243; font_container=&#8221;tag:h2|font_size:30|text_align:center|color:%23768858&#8243; google_fonts=&#8221;font_family:Oswald%3A300%2Cregular%2C700|font_style:400%20regular%3A400%3Anormal&#8221;][vc_custom_heading text=&#8221;me pamje nga deti&#8221; font_container=&#8221;tag:h2|font_size:20|text_align:center|color:%23333333&#8243; google_fonts=&#8221;font_family:Oswald%3A300%2Cregular%2C700|font_style:400%20regular%3A400%3Anormal&#8221;][vc_column_text]<\/p>\n<p style=\"text-align: center;\"><span style=\"color: #333333;\">Ky apartament ka nj\u00eb shtrat t\u00eb madh dopjo, nj\u00eb divan-shtrat, aj\u00ebr t\u00eb kondicionuar, hap\u00ebsir\u00eb gatimi, zon\u00eb ndenjje dhe ngr\u00ebnieje, dush, lavatri\u00e7e, ballkon dhe mjaft leht\u00ebsira t\u00eb tjera.<\/span><\/p>\n<p>[\/vc_column_text][vc_empty_space]<div class=\" ubtn-ctn-center \"><a class=\"ubtn-link ult-adjust-bottom-margin ubtn-center ubtn-normal \" href=\"https:\/\/franklinrooms.com\/index.php\/contact\/?lang=sq\" title=\"CONTACT\" ><button type=\"button\" id=\"ubtn-7549\"  class=\"ubtn ult-adjust-bottom-margin ult-responsive ubtn-normal ubtn-no-hover-bg  none  ubtn-center   tooltip-69e3a46f965f6\"  data-hover=\"#ffffff\" data-border-color=\"\" data-bg=\"#768858\" data-hover-bg=\"#333333\" data-border-hover=\"\" data-shadow-hover=\"\" data-shadow-click=\"none\" data-shadow=\"\" data-shd-shadow=\"\"  data-ultimate-target='#ubtn-7549'  data-responsive-json-new='{\"font-size\":\"\",\"line-height\":\"\"}'  style=\"font-weight:normal;border:none;background: #768858;color: #ffffff;\"><span class=\"ubtn-hover\" style=\"background-color:#333333\"><\/span><span class=\"ubtn-data ubtn-text \" >Rezervo Tani<\/span><\/button><\/a><\/div>[\/vc_column_inner][\/vc_row_inner][\/vc_column][\/vc_row][vc_row full_width=&#8221;stretch_row&#8221; bg_type=&#8221;image&#8221; bg_override=&#8221;ex-full&#8221;][vc_column][vc_row_inner css=&#8221;.vc_custom_1560940686310{background-color: #ffffff !important;}&#8221; el_class=&#8221;kuti&#8221;][vc_column_inner][vc_custom_heading text=&#8221;Sh\u00ebrbime&#8221; font_container=&#8221;tag:h2|font_size:30|text_align:center|color:%23333333&#8243; google_fonts=&#8221;font_family:Oswald%3A300%2Cregular%2C700|font_style:400%20regular%3A400%3Anormal&#8221;][vc_separator style=&#8221;shadow&#8221; border_width=&#8221;3&#8243; el_width=&#8221;20&#8243;][vc_empty_space]<div id=\"ult-carousel-207339412269e3a46f9672a\" class=\"ult-carousel-wrapper   ult_horizontal\" data-gutter=\"15\" data-rtl=\"false\" ><div class=\"ult-carousel-21142303669e3a46f966ec \" ><div class=\"ult-item-wrap\" data-animation=\"animated no-animation\"><div class=\"aio-icon-component    style_1\"><div id=\"Info-box-wrap-3159\" class=\"aio-icon-box top-icon\" style=\"\"  ><div class=\"aio-icon-top\"><div class=\"ult-item-wrap\" data-animation=\"animated no-animation\"><div class=\"ult-just-icon-wrapper  \"><div class=\"align-icon\" style=\"text-align:center;\">\n<div class=\"aio-icon-img \" style=\"font-size:52px;display:inline-block;\" >\n\t<img decoding=\"async\" class=\"img-icon\" alt=\"null\" src=\"https:\/\/franklinrooms.com\/wp-content\/uploads\/2019\/06\/bed-linen-1.png\"\/>\n<\/div><\/div><\/div><\/div><\/div><div class=\"aio-icon-header\" ><h3 class=\"aio-icon-title ult-responsive\"  data-ultimate-target='#Info-box-wrap-3159 .aio-icon-title'  data-responsive-json-new='{\"font-size\":\"\",\"line-height\":\"\"}'  style=\"color:#768858;\">\u00c7ar\u00e7af\u00eb<\/h3><\/div> <!-- header --><\/div> <!-- aio-icon-box --><\/div> <!-- aio-icon-component --><\/div><div class=\"ult-item-wrap\" data-animation=\"animated no-animation\"><div class=\"aio-icon-component    style_1\"><div id=\"Info-box-wrap-8672\" class=\"aio-icon-box top-icon\" style=\"\"  ><div class=\"aio-icon-top\"><div class=\"ult-item-wrap\" data-animation=\"animated no-animation\"><div class=\"ult-just-icon-wrapper  \"><div class=\"align-icon\" style=\"text-align:center;\">\n<div class=\"aio-icon-img \" style=\"font-size:52px;display:inline-block;\" >\n\t<img decoding=\"async\" class=\"img-icon\" alt=\"null\" src=\"https:\/\/franklinrooms.com\/wp-content\/uploads\/2019\/06\/towel-2.png\"\/>\n<\/div><\/div><\/div><\/div><\/div><div class=\"aio-icon-header\" ><h3 class=\"aio-icon-title ult-responsive\"  data-ultimate-target='#Info-box-wrap-8672 .aio-icon-title'  data-responsive-json-new='{\"font-size\":\"\",\"line-height\":\"\"}'  style=\"color:#768858;\">Peshqira<\/h3><\/div> <!-- header --><\/div> <!-- aio-icon-box --><\/div> <!-- aio-icon-component --><\/div><div class=\"ult-item-wrap\" data-animation=\"animated no-animation\"><div class=\"aio-icon-component    style_1\"><div id=\"Info-box-wrap-5686\" class=\"aio-icon-box top-icon\" style=\"\"  ><div class=\"aio-icon-top\"><div class=\"ult-item-wrap\" data-animation=\"animated no-animation\"><div class=\"ult-just-icon-wrapper  \"><div class=\"align-icon\" style=\"text-align:center;\">\n<div class=\"aio-icon-img \" style=\"font-size:52px;display:inline-block;\" >\n\t<img decoding=\"async\" class=\"img-icon\" alt=\"null\" src=\"https:\/\/franklinrooms.com\/wp-content\/uploads\/2019\/06\/shower-4.png\"\/>\n<\/div><\/div><\/div><\/div><\/div><div class=\"aio-icon-header\" ><h3 class=\"aio-icon-title ult-responsive\"  data-ultimate-target='#Info-box-wrap-5686 .aio-icon-title'  data-responsive-json-new='{\"font-size\":\"\",\"line-height\":\"\"}'  style=\"color:#768858;\">Dush<\/h3><\/div> <!-- header --><\/div> <!-- aio-icon-box --><\/div> <!-- aio-icon-component --><\/div><div class=\"ult-item-wrap\" data-animation=\"animated no-animation\"><div class=\"aio-icon-component    style_1\"><div id=\"Info-box-wrap-9032\" class=\"aio-icon-box top-icon\" style=\"\"  ><div class=\"aio-icon-top\"><div class=\"ult-item-wrap\" data-animation=\"animated no-animation\"><div class=\"ult-just-icon-wrapper  \"><div class=\"align-icon\" style=\"text-align:center;\">\n<div class=\"aio-icon-img \" style=\"font-size:52px;display:inline-block;\" >\n\t<img decoding=\"async\" class=\"img-icon\" alt=\"null\" src=\"https:\/\/franklinrooms.com\/wp-content\/uploads\/2019\/06\/sofa-1.png\"\/>\n<\/div><\/div><\/div><\/div><\/div><div class=\"aio-icon-header\" ><h3 class=\"aio-icon-title ult-responsive\"  data-ultimate-target='#Info-box-wrap-9032 .aio-icon-title'  data-responsive-json-new='{\"font-size\":\"\",\"line-height\":\"\"}'  style=\"color:#768858;\">Hap\u00ebsir\u00eb Ndenjje<\/h3><\/div> <!-- header --><\/div> <!-- aio-icon-box --><\/div> <!-- aio-icon-component --><\/div><div class=\"ult-item-wrap\" data-animation=\"animated no-animation\"><div class=\"aio-icon-component    style_1\"><div id=\"Info-box-wrap-1600\" class=\"aio-icon-box top-icon\" style=\"\"  ><div class=\"aio-icon-top\"><div class=\"ult-item-wrap\" data-animation=\"animated no-animation\"><div class=\"ult-just-icon-wrapper  \"><div class=\"align-icon\" style=\"text-align:center;\">\n<div class=\"aio-icon-img \" style=\"font-size:52px;display:inline-block;\" >\n\t<img decoding=\"async\" class=\"img-icon\" alt=\"null\" src=\"https:\/\/franklinrooms.com\/wp-content\/uploads\/2019\/06\/air-conditioner-7.png\"\/>\n<\/div><\/div><\/div><\/div><\/div><div class=\"aio-icon-header\" ><h3 class=\"aio-icon-title ult-responsive\"  data-ultimate-target='#Info-box-wrap-1600 .aio-icon-title'  data-responsive-json-new='{\"font-size\":\"\",\"line-height\":\"\"}'  style=\"color:#768858;\">Aj\u00ebr i Kondicionuar<\/h3><\/div> <!-- header --><\/div> <!-- aio-icon-box --><\/div> <!-- aio-icon-component --><\/div><div class=\"ult-item-wrap\" data-animation=\"animated no-animation\"><div class=\"aio-icon-component    style_1\"><div id=\"Info-box-wrap-8704\" class=\"aio-icon-box top-icon\" style=\"\"  ><div class=\"aio-icon-top\"><div class=\"ult-item-wrap\" data-animation=\"animated no-animation\"><div class=\"ult-just-icon-wrapper  \"><div class=\"align-icon\" style=\"text-align:center;\">\n<div class=\"aio-icon-img \" style=\"font-size:52px;display:inline-block;\" >\n\t<img decoding=\"async\" class=\"img-icon\" alt=\"null\" src=\"https:\/\/franklinrooms.com\/wp-content\/uploads\/2019\/06\/no-smoking-sign.png\"\/>\n<\/div><\/div><\/div><\/div><\/div><div class=\"aio-icon-header\" ><h3 class=\"aio-icon-title ult-responsive\"  data-ultimate-target='#Info-box-wrap-8704 .aio-icon-title'  data-responsive-json-new='{\"font-size\":\"\",\"line-height\":\"\"}'  style=\"color:#768858;\">Nuk Lejohet Duhani<\/h3><\/div> <!-- header --><\/div> <!-- aio-icon-box --><\/div> <!-- aio-icon-component --><\/div><div class=\"ult-item-wrap\" data-animation=\"animated no-animation\"><div class=\"aio-icon-component    style_1\"><div id=\"Info-box-wrap-6741\" class=\"aio-icon-box top-icon\" style=\"\"  ><div class=\"aio-icon-top\"><div class=\"ult-item-wrap\" data-animation=\"animated no-animation\"><div class=\"ult-just-icon-wrapper  \"><div class=\"align-icon\" style=\"text-align:center;\">\n<div class=\"aio-icon-img \" style=\"font-size:52px;display:inline-block;\" >\n\t<img decoding=\"async\" class=\"img-icon\" alt=\"null\" src=\"https:\/\/franklinrooms.com\/wp-content\/uploads\/2019\/06\/kitchen-1.png\"\/>\n<\/div><\/div><\/div><\/div><\/div><div class=\"aio-icon-header\" ><h3 class=\"aio-icon-title ult-responsive\"  data-ultimate-target='#Info-box-wrap-6741 .aio-icon-title'  data-responsive-json-new='{\"font-size\":\"\",\"line-height\":\"\"}'  style=\"color:#768858;\">Hap\u00ebsir\u00eb Gatimi<\/h3><\/div> <!-- header --><\/div> <!-- aio-icon-box --><\/div> <!-- aio-icon-component --><\/div><div class=\"ult-item-wrap\" data-animation=\"animated no-animation\"><div class=\"aio-icon-component    style_1\"><div id=\"Info-box-wrap-7814\" class=\"aio-icon-box top-icon\" style=\"\"  ><div class=\"aio-icon-top\"><div class=\"ult-item-wrap\" data-animation=\"animated no-animation\"><div class=\"ult-just-icon-wrapper  \"><div class=\"align-icon\" style=\"text-align:center;\">\n<div class=\"aio-icon-img \" style=\"font-size:52px;display:inline-block;\" >\n\t<img decoding=\"async\" class=\"img-icon\" alt=\"null\" src=\"https:\/\/franklinrooms.com\/wp-content\/uploads\/2019\/06\/computer-screen-2.png\"\/>\n<\/div><\/div><\/div><\/div><\/div><div class=\"aio-icon-header\" ><h3 class=\"aio-icon-title ult-responsive\"  data-ultimate-target='#Info-box-wrap-7814 .aio-icon-title'  data-responsive-json-new='{\"font-size\":\"\",\"line-height\":\"\"}'  style=\"color:#768858;\">TV<\/h3><\/div> <!-- header --><\/div> <!-- aio-icon-box --><\/div> <!-- aio-icon-component --><\/div><div class=\"ult-item-wrap\" data-animation=\"animated no-animation\"><div class=\"aio-icon-component    style_1\"><div id=\"Info-box-wrap-4086\" class=\"aio-icon-box top-icon\" style=\"\"  ><div class=\"aio-icon-top\"><div class=\"ult-item-wrap\" data-animation=\"animated no-animation\"><div class=\"ult-just-icon-wrapper  \"><div class=\"align-icon\" style=\"text-align:center;\">\n<div class=\"aio-icon-img \" style=\"font-size:52px;display:inline-block;\" >\n\t<img decoding=\"async\" class=\"img-icon\" alt=\"null\" src=\"https:\/\/franklinrooms.com\/wp-content\/uploads\/2019\/06\/safe-box-4.png\"\/>\n<\/div><\/div><\/div><\/div><\/div><div class=\"aio-icon-header\" ><h3 class=\"aio-icon-title ult-responsive\"  data-ultimate-target='#Info-box-wrap-4086 .aio-icon-title'  data-responsive-json-new='{\"font-size\":\"\",\"line-height\":\"\"}'  style=\"color:#768858;\">Kasafort\u00eb<\/h3><\/div> <!-- header --><\/div> <!-- aio-icon-box --><\/div> <!-- aio-icon-component --><\/div><div class=\"ult-item-wrap\" data-animation=\"animated no-animation\"><div class=\"aio-icon-component    style_1\"><div id=\"Info-box-wrap-7508\" class=\"aio-icon-box top-icon\" style=\"\"  ><div class=\"aio-icon-top\"><div class=\"ult-item-wrap\" data-animation=\"animated no-animation\"><div class=\"ult-just-icon-wrapper  \"><div class=\"align-icon\" style=\"text-align:center;\">\n<div class=\"aio-icon-img \" style=\"font-size:52px;display:inline-block;\" >\n\t<img decoding=\"async\" class=\"img-icon\" alt=\"null\" src=\"https:\/\/franklinrooms.com\/wp-content\/uploads\/2019\/06\/toiletries-1.png\"\/>\n<\/div><\/div><\/div><\/div><\/div><div class=\"aio-icon-header\" ><h3 class=\"aio-icon-title ult-responsive\"  data-ultimate-target='#Info-box-wrap-7508 .aio-icon-title'  data-responsive-json-new='{\"font-size\":\"\",\"line-height\":\"\"}'  style=\"color:#768858;\">Paisje Tualeti<\/h3><\/div> <!-- header --><\/div> <!-- aio-icon-box --><\/div> <!-- aio-icon-component --><\/div><\/div><\/div>\t\t\t<script type=\"text\/javascript\">\n\t\t\t\tjQuery(document).ready(function ($) {\n\t\t\t\t\tif( typeof jQuery('.ult-carousel-21142303669e3a46f966ec').slick == \"function\"){\n\t\t\t\t\t\t$('.ult-carousel-21142303669e3a46f966ec').slick({dots: false,autoplay: true,autoplaySpeed: \"5000\",speed: \"2000\",infinite: true,arrows: true,nextArrow: '<button type=\"button\" role=\"button\" aria-label=\"Next\" style=\"color:#ffffff; font-size:20px;\" class=\"slick-next default\"><i class=\"ultsl-arrow-right4\"><\/i><\/button>',prevArrow: '<button type=\"button\" role=\"button\" aria-label=\"Previous\" style=\"color:#ffffff; font-size:20px;\" class=\"slick-prev default\"><i class=\"ultsl-arrow-left4\"><\/i><\/button>',slidesToScroll:6,slidesToShow:6,swipe: true,draggable: true,touchMove: true,pauseOnHover: true,pauseOnFocus: false,responsive: [\n\t\t\t\t\t\t\t{\n\t\t\t\t\t\t\t  breakpoint: 1026,\n\t\t\t\t\t\t\t  settings: {\n\t\t\t\t\t\t\t\tslidesToShow: 6,\n\t\t\t\t\t\t\t\tslidesToScroll: 6,  \n\t\t\t\t\t\t\t  }\n\t\t\t\t\t\t\t},\n\t\t\t\t\t\t\t{\n\t\t\t\t\t\t\t  breakpoint: 1025,\n\t\t\t\t\t\t\t  settings: {\n\t\t\t\t\t\t\t\tslidesToShow: 1,\n\t\t\t\t\t\t\t\tslidesToScroll: 1\n\t\t\t\t\t\t\t  }\n\t\t\t\t\t\t\t},\n\t\t\t\t\t\t\t{\n\t\t\t\t\t\t\t  breakpoint: 760,\n\t\t\t\t\t\t\t  settings: {\n\t\t\t\t\t\t\t\tslidesToShow: 1,\n\t\t\t\t\t\t\t\tslidesToScroll: 1\n\t\t\t\t\t\t\t  }\n\t\t\t\t\t\t\t}\n\t\t\t\t\t\t],pauseOnDotsHover: true,customPaging: function(slider, i) {\n                   return '<i type=\"button\" style= \"color:#333333;\" class=\"ultsl-record\" data-role=\"none\"><\/i>';\n                },});\n\t\t\t\t\t}\n\t\t\t\t});\n\t\t\t<\/script>\n\t\t\t[\/vc_column_inner][\/vc_row_inner][\/vc_column][\/vc_row]<\/p>\n<\/div>","protected":false},"excerpt":{"rendered":"<p>[vc_row full_width=&#8221;stretch_row&#8221; bg_type=&#8221;image&#8221; bg_override=&#8221;ex-full&#8221;][vc_column][vc_row_inner css=&#8221;.vc_custom_1560870117464{margin-bottom: 20px !important;background-color: #ffffff !important;}&#8221;][vc_column_inner width=&#8221;1\/2&#8243;][\/vc_column_inner][vc_column_inner width=&#8221;1\/2&#8243; offset=&#8221;vc_hidden-sm vc_hidden-xs&#8221;][vc_empty_space][vc_custom_heading text=&#8221;Apartament 2+1&#8243; font_container=&#8221;tag:h2|font_size:30|text_align:left|color:%23768858&#8243; google_fonts=&#8221;font_family:Oswald%3A300%2Cregular%2C700|font_style:400%20regular%3A400%3Anormal&#8221;][vc_custom_heading text=&#8221;me pamje nga deti&#8221; font_container=&#8221;tag:h2|font_size:20|text_align:left|color:%23333333&#8243; google_fonts=&#8221;font_family:Oswald%3A300%2Cregular%2C700|font_style:400%20regular%3A400%3Anormal&#8221;][vc_column_text] Ky apartament ka nj\u00eb shtrat t\u00eb madh dopjo, nj\u00eb divan-shtrat, aj\u00ebr t\u00eb kondicionuar, hap\u00ebsir\u00eb gatimi, zon\u00eb ndenjje dhe ngr\u00ebnieje, dush, lavatri\u00e7e, ballkon dhe mjaft leht\u00ebsira t\u00eb tjera. [\/vc_column_text][vc_empty_space][\/vc_column_inner][vc_column_inner offset=&#8221;vc_hidden-lg vc_hidden-md&#8221;][vc_custom_heading text=&#8221;Apartament 2+1&#8243;&hellip;<\/p>\n","protected":false},"author":2,"featured_media":0,"parent":0,"menu_order":0,"comment_status":"closed","ping_status":"closed","template":"","meta":{"footnotes":""},"class_list":["post-379","page","type-page","status-publish","hentry","description-off"],"_links":{"self":[{"href":"https:\/\/franklinrooms.com\/index.php\/wp-json\/wp\/v2\/pages\/379","targetHints":{"allow":["GET"]}}],"collection":[{"href":"https:\/\/franklinrooms.com\/index.php\/wp-json\/wp\/v2\/pages"}],"about":[{"href":"https:\/\/franklinrooms.com\/index.php\/wp-json\/wp\/v2\/types\/page"}],"author":[{"embeddable":true,"href":"https:\/\/franklinrooms.com\/index.php\/wp-json\/wp\/v2\/users\/2"}],"replies":[{"embeddable":true,"href":"https:\/\/franklinrooms.com\/index.php\/wp-json\/wp\/v2\/comments?post=379"}],"version-history":[{"count":5,"href":"https:\/\/franklinrooms.com\/index.php\/wp-json\/wp\/v2\/pages\/379\/revisions"}],"predecessor-version":[{"id":834,"href":"https:\/\/franklinrooms.com\/index.php\/wp-json\/wp\/v2\/pages\/379\/revisions\/834"}],"wp:attachment":[{"href":"https:\/\/franklinrooms.com\/index.php\/wp-json\/wp\/v2\/media?parent=379"}],"curies":[{"name":"wp","href":"https:\/\/api.w.org\/{rel}","templated":true}]}}